{"id":16,"date":"2026-02-27T17:03:19","date_gmt":"2026-02-27T16:03:19","guid":{"rendered":"https:\/\/www.thorcord.com\/?page_id=16"},"modified":"2026-02-27T18:56:49","modified_gmt":"2026-02-27T17:56:49","slug":"thor-cord","status":"publish","type":"page","link":"https:\/\/www.thorcord.com\/","title":{"rendered":"Thor Cord"},"content":{"rendered":"\n<div class=\"wp-block-columns is-layout-flex wp-container-core-columns-is-layout-28f84493 wp-block-columns-is-layout-flex\">\n<div class=\"wp-block-column is-layout-flow wp-block-column-is-layout-flow\" style=\"flex-basis:50%\">\n<figure class=\"wp-block-image size-full\"><img loading=\"lazy\" decoding=\"async\" width=\"350\" height=\"350\" src=\"https:\/\/www.thorcord.com\/wp-content\/uploads\/2026\/02\/image-1.png\" alt=\"\" class=\"wp-image-17\" srcset=\"https:\/\/www.thorcord.com\/wp-content\/uploads\/2026\/02\/image-1.png 350w, https:\/\/www.thorcord.com\/wp-content\/uploads\/2026\/02\/image-1-300x300.png 300w, https:\/\/www.thorcord.com\/wp-content\/uploads\/2026\/02\/image-1-150x150.png 150w\" sizes=\"auto, (max-width: 350px) 100vw, 350px\" \/><\/figure>\n<\/div>\n\n\n\n<div class=\"wp-block-column is-layout-flow wp-block-column-is-layout-flow\" style=\"flex-basis:50%\">\n<figure class=\"wp-block-image size-full\"><img loading=\"lazy\" decoding=\"async\" width=\"350\" height=\"350\" src=\"https:\/\/www.thorcord.com\/wp-content\/uploads\/2026\/02\/image.png\" alt=\"\" class=\"wp-image-8\" srcset=\"https:\/\/www.thorcord.com\/wp-content\/uploads\/2026\/02\/image.png 350w, https:\/\/www.thorcord.com\/wp-content\/uploads\/2026\/02\/image-300x300.png 300w, https:\/\/www.thorcord.com\/wp-content\/uploads\/2026\/02\/image-150x150.png 150w\" sizes=\"auto, (max-width: 350px) 100vw, 350px\" \/><\/figure>\n<\/div>\n<\/div>\n\n\n\n<p class=\"has-medium-font-size\" style=\"margin-top:0;margin-bottom:0;padding-top:var(--wp--preset--spacing--30);padding-right:0;padding-bottom:var(--wp--preset--spacing--30);padding-left:0\">Die T\/C Thor Cords stellen die seit Jahren sehnlichst erwartete Weiterentwicklung der E\/O Cords da.<\/p>\n\n\n\n<p>Die Produktion sowie der Vertrieb des Produkts Thor Cord wurde 2026 durch die SAM UG \u00fcbernommen.<\/p>\n\n\n\n<p class=\"is-style-default has-medium-font-size\">Die T\/C Cords weisen die gleiche Steckergeometrie auf wie die E\/O Cords und sind daher zu 100% kompatibel. Ansonsten haben sie im positiven Sinne nicht viel gemeinsam mit den E\/O Cords. Die Steckverbindung entspricht nun automotive Standards.<br>Sie nutzt die gesamte Kontaktl\u00e4nge des Stiftes aus, wodurch eine sichere und best\u00e4ndige Verbindung hergestellt wird. <\/p>\n\n\n\n<p class=\"has-medium-font-size\">Die Kontaktkr\u00e4fte, die auf die H\u00fclse wirken wurden reduziert und definiert berechnet. Dadurch wird gew\u00e4hrleistet, dass die H\u00fclse sich nicht aufweitet. <\/p>\n\n\n\n<p class=\"has-medium-font-size\">Der Stecker selbst wurde deutlich h\u00e4rter ausgebildet, damit Bewegungskr\u00e4fte weitestgehend aus dem Stecker herausgehalten werden. So wird verhindert, dass durch einen viel zu weichen Steckeraufbau im Stecker es zu einem Leitungsbruch kommt.<br>Die Leitungen wurden mit zahlreichen einzelnen hochflexiblen Adern versehen. Dadurch wird der Bruchanf\u00e4lligkeit der Leitung selbst entgegen gewirkt. Die Leitungen sind gegen Wassereinbruch durch ein spezielles Quellflies aus Superabsorber gesch\u00fctzt.<br>Die Griffmulden gew\u00e4hrleisten, dass selbst bei Nullsicht die Kabel problemlos und intuitiv gesteckt werden k\u00f6nnen.<br>\u00a0<br>&#8211; T\/C Cord<br>&#8211; 2 Griffmulden mit Schriftzug<br>&#8211; L\u00e4nge: 125cm<br>&#8211; 2 Adern 1,5mm\u00b2<br>&#8211; Farbe: schwarz<br>&#8211; 400V \/ 18A bei 30\u00b0C<br>&#8211; CE<br>&#8211; ROHS<br>&#8211; made in Germany<\/p>\n","protected":false},"excerpt":{"rendered":"<p>Die T\/C Thor Cords stellen die seit Jahren sehnlichst erwartete Weiterentwicklung der E\/O Cords da. Die Produktion sowie der Vertrieb des Produkts Thor Cord wurde 2026 durch die SAM UG \u00fcbernommen. Die T\/C Cords weisen die gleiche Steckergeometrie auf wie die E\/O Cords und sind daher zu 100% kompatibel. Ansonsten haben sie im positiven Sinne [&hellip;]<\/p>\n","protected":false},"author":1,"featured_media":0,"parent":0,"menu_order":0,"comment_status":"closed","ping_status":"closed","template":"","meta":{"footnotes":""},"class_list":["post-16","page","type-page","status-publish","hentry"],"_links":{"self":[{"href":"https:\/\/www.thorcord.com\/index.php?rest_route=\/wp\/v2\/pages\/16","targetHints":{"allow":["GET"]}}],"collection":[{"href":"https:\/\/www.thorcord.com\/index.php?rest_route=\/wp\/v2\/pages"}],"about":[{"href":"https:\/\/www.thorcord.com\/index.php?rest_route=\/wp\/v2\/types\/page"}],"author":[{"embeddable":true,"href":"https:\/\/www.thorcord.com\/index.php?rest_route=\/wp\/v2\/users\/1"}],"replies":[{"embeddable":true,"href":"https:\/\/www.thorcord.com\/index.php?rest_route=%2Fwp%2Fv2%2Fcomments&post=16"}],"version-history":[{"count":9,"href":"https:\/\/www.thorcord.com\/index.php?rest_route=\/wp\/v2\/pages\/16\/revisions"}],"predecessor-version":[{"id":52,"href":"https:\/\/www.thorcord.com\/index.php?rest_route=\/wp\/v2\/pages\/16\/revisions\/52"}],"wp:attachment":[{"href":"https:\/\/www.thorcord.com\/index.php?rest_route=%2Fwp%2Fv2%2Fmedia&parent=16"}],"curies":[{"name":"wp","href":"https:\/\/api.w.org\/{rel}","templated":true}]}}